{"id":501,"date":"2023-11-19T12:13:32","date_gmt":"2023-11-19T11:13:32","guid":{"rendered":"https:\/\/endorfiki.pl\/?page_id=501"},"modified":"2024-04-23T19:37:49","modified_gmt":"2024-04-23T17:37:49","slug":"endorfiki-tom-1","status":"publish","type":"page","link":"https:\/\/endorfiki.pl\/index.php\/endorfiki-tom-1\/","title":{"rendered":"Endorfiki &#8211; ebook"},"content":{"rendered":"\n<p>Ju\u017c od jakiego\u015b czasu chodzi\u0142 mi po g\u0142owie pomys\u0142 zebrania i wydania endorfik\u00f3w w postaci tomiku wierszy, do czego dodatkowo by\u0142em non stop zach\u0119cany przez rodzin\u0119 i znajomych. Jaki\u015b czas temu zaj\u0105\u0142em si\u0119 nawet &#8222;sk\u0142adem&#8221;. Jednak sz\u0142o ci\u0119\u017cko i opornie, poniewa\u017c zawsze by\u0142o co\u015b wa\u017cniejszego. Jednak w 2023 trafi\u0142a si\u0119 doskona\u0142a okazja, kt\u00f3ra zmobilizowa\u0142a mnie do dzia\u0142ania &#8211; okr\u0105g\u0142e, 70 urodziny taty. Siad\u0142em do pisania. Oczywi\u015bcie najpro\u015bciej by\u0142oby zebra\u0107 same wierszyki, u\u0142o\u017cy\u0107 na kolejnych stronach i wydrukowa\u0107. Jednak uzna\u0142em, \u017ce nie wszystkie moje wiersze b\u0119d\u0105 dla ka\u017cdego zrozumia\u0142e ze wzgl\u0119du na mnogo\u015b\u0107 odniesie\u0144 do sportu czy polityki. W\u0142a\u015bciwie w ka\u017cdym przypadku wa\u017cny jest kontekst. Dlatego te\u017c postanowi\u0142em zaprojektowa\u0107 tomik w taki spos\u00f3b, \u017ceby do ka\u017cdego wiersza na jednej stronie, kolejna zawiera\u0142a komentarz na\u015bwietlaj\u0105cy przyczyny i okoliczno\u015bci jego powstania.<\/p>\n\n\n\n<p>W ten spos\u00f3b powsta\u0142 tom pierwszy Endorfik\u00f3w, kt\u00f3ry w ko\u0144cowej formie przyj\u0105\u0142 posta\u0107 swoistego pami\u0119tnika, co pozwoli wszystkim zainteresowanym lepiej zrozumie\u0107 sens moich grafoma\u0144skich popis\u00f3w. Co wi\u0119cej, mam r\u00f3wnie\u017c nadziej\u0119, \u017ce kiedy moje wnuki albo prawnuki si\u0119gn\u0105 do tej lektury b\u0119d\u0105 mog\u0142y lepiej zrozumie\u0107 co dzia\u0142o si\u0119 wok\u00f3\u0142 nas na pocz\u0105tku XXI wieku &#8211; bo musicie przyzna\u0107, \u017ce rz\u0105dy PiS, czy pandemia Covid spowodowa\u0142y, \u017ce przysz\u0142o nam \u017cy\u0107 w ciekawych czasach.<\/p>\n\n\n\n<p>Ksi\u0105\u017cka zosta\u0142a wydrukowana w 10 egzemplarzach pr\u00f3bnych (takie &#8222;bia\u0142e kruki&#8221; z liter\u00f3wkami i niedoci\u0105gni\u0119ciami) oraz 50 egzemplarzach &#8222;poprawionych&#8221;, kt\u00f3re ku mojemu zaskoczeniu, rozesz\u0142y si\u0119 (zosta\u0142y rozdane) w\u015br\u00f3d znajomych niczym przys\u0142owiowe &#8222;ciep\u0142e bu\u0142eczki&#8221;. Mo\u017ce kiedy\u015b, je\u015bli oka\u017ce si\u0119, \u017ce jest takie zapotrzebowanie zrobi\u0119 dodruk \ud83d\ude42<\/p>\n\n\n<div class=\"wp-block-image is-style-default\">\n<figure class=\"aligncenter size-large\"><img loading=\"lazy\" decoding=\"async\" width=\"1024\" height=\"768\" src=\"https:\/\/endorfiki.pl\/wp-content\/uploads\/2023\/11\/IMG_9800-1024x768.jpeg\" alt=\"\" class=\"wp-image-566\" srcset=\"https:\/\/endorfiki.pl\/wp-content\/uploads\/2023\/11\/IMG_9800-1024x768.jpeg 1024w, https:\/\/endorfiki.pl\/wp-content\/uploads\/2023\/11\/IMG_9800-300x225.jpeg 300w, https:\/\/endorfiki.pl\/wp-content\/uploads\/2023\/11\/IMG_9800-768x576.jpeg 768w, https:\/\/endorfiki.pl\/wp-content\/uploads\/2023\/11\/IMG_9800-1536x1152.jpeg 1536w, https:\/\/endorfiki.pl\/wp-content\/uploads\/2023\/11\/IMG_9800-2048x1536.jpeg 2048w, https:\/\/endorfiki.pl\/wp-content\/uploads\/2023\/11\/IMG_9800-720x540.jpeg 720w\" sizes=\"auto, (max-width: 1024px) 100vw, 1024px\" \/><\/figure>\n<\/div>\n\n\n<p>Po tym, by\u0107 mo\u017ce przyd\u0142ugim, wst\u0119pie oddaj\u0119 w Wasze r\u0119ce Endorfiki w postaci ebooka. Mi\u0142ej lektury.<\/p>\n\n\n\n<figure class=\"wp-block-image aligncenter\"><a href=\"https:\/\/endorfiki.pl\/wp-content\/uploads\/2023\/11\/Endorfiki.epub\"><img loading=\"lazy\" decoding=\"async\" width=\"194\" height=\"300\" src=\"https:\/\/endorfiki.pl\/wp-content\/uploads\/2023\/11\/Endorfiki-cover-194x300.png\" alt=\"\" class=\"wp-image-552\" style=\"border: 1px solid #ccc\" srcset=\"https:\/\/endorfiki.pl\/wp-content\/uploads\/2023\/11\/Endorfiki-cover-194x300.png 194w, https:\/\/endorfiki.pl\/wp-content\/uploads\/2023\/11\/Endorfiki-cover-663x1024.png 663w, https:\/\/endorfiki.pl\/wp-content\/uploads\/2023\/11\/Endorfiki-cover-768x1187.png 768w, https:\/\/endorfiki.pl\/wp-content\/uploads\/2023\/11\/Endorfiki-cover-994x1536.png 994w, https:\/\/endorfiki.pl\/wp-content\/uploads\/2023\/11\/Endorfiki-cover-1325x2048.png 1325w, https:\/\/endorfiki.pl\/wp-content\/uploads\/2023\/11\/Endorfiki-cover-720x1113.png 720w, https:\/\/endorfiki.pl\/wp-content\/uploads\/2023\/11\/Endorfiki-cover.png 1650w\" sizes=\"auto, (max-width: 194px) 100vw, 194px\" \/><figcaption class=\"wp-element-caption\">endorfiki.epub (823KB)<\/figcaption><\/a><\/figure>\n","protected":false},"excerpt":{"rendered":"<p>Ju\u017c od jakiego\u015b czasu chodzi\u0142 mi po g\u0142owie pomys\u0142 zebrania i wydania endorfik\u00f3w w postaci tomiku wierszy, do czego dodatkowo by\u0142em non stop zach\u0119cany przez rodzin\u0119 i znajomych. Jaki\u015b czas temu zaj\u0105\u0142em si\u0119 nawet &#8222;sk\u0142adem&#8221;. Jednak sz\u0142o ci\u0119\u017cko i opornie, poniewa\u017c zawsze by\u0142o co\u015b wa\u017cniejszego. Jednak w 2023 trafi\u0142a si\u0119<\/p>\n","protected":false},"author":1,"featured_media":0,"parent":0,"menu_order":0,"comment_status":"closed","ping_status":"closed","template":"","meta":{"footnotes":""},"class_list":["post-501","page","type-page","status-publish","hentry"],"_links":{"self":[{"href":"https:\/\/endorfiki.pl\/index.php\/wp-json\/wp\/v2\/pages\/501","targetHints":{"allow":["GET"]}}],"collection":[{"href":"https:\/\/endorfiki.pl\/index.php\/wp-json\/wp\/v2\/pages"}],"about":[{"href":"https:\/\/endorfiki.pl\/index.php\/wp-json\/wp\/v2\/types\/page"}],"author":[{"embeddable":true,"href":"https:\/\/endorfiki.pl\/index.php\/wp-json\/wp\/v2\/users\/1"}],"replies":[{"embeddable":true,"href":"https:\/\/endorfiki.pl\/index.php\/wp-json\/wp\/v2\/comments?post=501"}],"version-history":[{"count":25,"href":"https:\/\/endorfiki.pl\/index.php\/wp-json\/wp\/v2\/pages\/501\/revisions"}],"predecessor-version":[{"id":582,"href":"https:\/\/endorfiki.pl\/index.php\/wp-json\/wp\/v2\/pages\/501\/revisions\/582"}],"wp:attachment":[{"href":"https:\/\/endorfiki.pl\/index.php\/wp-json\/wp\/v2\/media?parent=501"}],"curies":[{"name":"wp","href":"https:\/\/api.w.org\/{rel}","templated":true}]}}