{"id":2,"date":"2022-03-24T13:58:14","date_gmt":"2022-03-24T12:58:14","guid":{"rendered":"https:\/\/endorfiki.pl\/?page_id=2"},"modified":"2023-08-22T23:36:47","modified_gmt":"2023-08-22T21:36:47","slug":"enodrfiki-wtf","status":"publish","type":"page","link":"https:\/\/endorfiki.pl\/index.php\/enodrfiki-wtf\/","title":{"rendered":"Endorfiki &#8211; WTF?"},"content":{"rendered":"\n<blockquote class=\"wp-block-quote is-layout-flow wp-block-quote-is-layout-flow\">\n<p><strong>Endorfiki <\/strong>&#8211; grafoma\u0144skie utwory rymowane (sentencje, wiersze, limeryki, itp.) powsta\u0142e w stanach euforycznych wywo\u0142anych nag\u0142ym wydzielaniem si\u0119 endorfin w wyniku aktywno\u015bci sportowej.<\/p>\n<\/blockquote>\n\n\n\n<p>Pomys\u0142 na rymy, urodzi\u0142 si\u0119 w mojej g\u0142owie w efekcie impulsu i spontanicznej gonitwy my\u015bli po tym jak pod zarejestrowanym na <a href=\"https:\/\/strava.com\">Stravie<\/a> treningiem przeczyta\u0142em opis wycieczki rowerowej napisany przez jednego z koleg\u00f3w. Po przeczytaniu tego barwnego, nastrojowego opisu doszed\u0142em do smutnego wniosku, \u017ce moje wypieszczone i dowcipne (mam nadziej\u0119) tytu\u0142y trening\u00f3w, kt\u00f3re mia\u0142y wyr\u00f3\u017cnia\u0107 si\u0119 w\u015br\u00f3d pospolitych &#8222;morning i afternoon rajd\u00f3w&#8221;, nie wygl\u0105daj\u0105 ju\u017c tak imponuj\u0105co jak kiedy\u015b. Ale \u017ceby temat uczyni\u0107 jeszcze ciekawszym postanowi\u0142em swoje opisy truchtania i wycieczek rowerowych uk\u0142ada\u0107 wierszem &#8211; ot tak, \u017ceby przypadkiem nie by\u0142o za \u0142atwo. Wtedy jeszcze nie wiedzia\u0142em jaka to gimnastyka umys\u0142owa i momentami mozolna d\u0142ubanina.<\/p>\n\n\n\n<p>W pierwszych &#8222;dzie\u0142ach&#8221; liczy\u0142y si\u0119 w\u0142a\u015bciwie tylko rymy. Liczba strof, wers\u00f3w, zg\u0142osek czy rytm by\u0142y poj\u0119ciami, kt\u00f3re mgli\u015bcie pami\u0119ta\u0142em z czas\u00f3w szko\u0142y i postanowi\u0142em w\u00f3wczas nie zawraca\u0107 sobie i czytelnikom nimi g\u0142owy. Do czasu&#8230;<\/p>\n\n\n\n<p>Wszystkie moje grafoma\u0144skie popisy s\u0105 do znalezienia na <a href=\"https:\/\/www.strava.com\/athletes\/23932503\">moim profilu<\/a> na Stravie ale jako, \u017ce ta aplikacja nie jest przeznaczona do publikowania tego typu tre\u015bci, zw\u0142aszcza gdy kto\u015b nie posiada zarejestrowanego konta, niniejszym oddaj\u0119 w Wasze r\u0119ce wszystkie moje wypociny zebrane w jednym miejscu i na bie\u017c\u0105co aktualizowane.<\/p>\n\n\n\n<p>Zapraszam do lektury.<br>Tomek F\u0105fara<\/p>\n","protected":false},"excerpt":{"rendered":"<p>Endorfiki &#8211; grafoma\u0144skie utwory rymowane (sentencje, wiersze, limeryki, itp.) powsta\u0142e w stanach euforycznych wywo\u0142anych nag\u0142ym wydzielaniem si\u0119 endorfin w wyniku aktywno\u015bci sportowej. Pomys\u0142 na rymy, urodzi\u0142 si\u0119 w mojej g\u0142owie w efekcie impulsu i spontanicznej gonitwy my\u015bli po tym jak pod zarejestrowanym na Stravie treningiem przeczyta\u0142em opis wycieczki rowerowej napisany<\/p>\n","protected":false},"author":1,"featured_media":0,"parent":0,"menu_order":0,"comment_status":"closed","ping_status":"open","template":"","meta":{"footnotes":""},"class_list":["post-2","page","type-page","status-publish","hentry"],"_links":{"self":[{"href":"https:\/\/endorfiki.pl\/index.php\/wp-json\/wp\/v2\/pages\/2","targetHints":{"allow":["GET"]}}],"collection":[{"href":"https:\/\/endorfiki.pl\/index.php\/wp-json\/wp\/v2\/pages"}],"about":[{"href":"https:\/\/endorfiki.pl\/index.php\/wp-json\/wp\/v2\/types\/page"}],"author":[{"embeddable":true,"href":"https:\/\/endorfiki.pl\/index.php\/wp-json\/wp\/v2\/users\/1"}],"replies":[{"embeddable":true,"href":"https:\/\/endorfiki.pl\/index.php\/wp-json\/wp\/v2\/comments?post=2"}],"version-history":[{"count":8,"href":"https:\/\/endorfiki.pl\/index.php\/wp-json\/wp\/v2\/pages\/2\/revisions"}],"predecessor-version":[{"id":477,"href":"https:\/\/endorfiki.pl\/index.php\/wp-json\/wp\/v2\/pages\/2\/revisions\/477"}],"wp:attachment":[{"href":"https:\/\/endorfiki.pl\/index.php\/wp-json\/wp\/v2\/media?parent=2"}],"curies":[{"name":"wp","href":"https:\/\/api.w.org\/{rel}","templated":true}]}}